{"id":1436,"date":"2015-12-03T13:32:24","date_gmt":"2015-12-03T13:32:24","guid":{"rendered":"http:\/\/euroimpex.wethree.eu\/?page_id=1436"},"modified":"2018-06-08T06:46:09","modified_gmt":"2018-06-08T06:46:09","slug":"external-dimensions-of-trucks","status":"publish","type":"page","link":"http:\/\/euroimpex.lv\/it\/information\/external-dimensions-of-trucks\/","title":{"rendered":"Informazioni sulle Dimensioni dei camion"},"content":{"rendered":"<p>[vc_row bg_parallax=&#8221;off&#8221; bg_scroll=&#8221;h,-1&#8243; bg_video=&#8221;off&#8221; bottom_button=&#8221;off&#8221; css=&#8221;.vc_custom_1450805116915{margin-top: 0px !important;margin-bottom: 0px !important;padding-top: 50px !important;padding-bottom: 50px !important;}&#8221; row_min_height=&#8221;700px&#8221;][vc_column]<div class=\"ozy-floating-box\" style=\"height:200px;text-align:center\"><div><div class=\"ozy-tlt\" style=\"width:100%;display:inline-block;text-align:center;color:#002f50;font-weight:300;font-size:50px;line-height:60px\" data-display_time=\"3000\" data-in_effect=\"fadeIn\" data-in_effect_type=\"sync\" data-out_effect=\"fadeOut\" data-out_effect_type=\"sync\" data-loop=\"true\"><ul class=\"ozy-tlt-texts\" style=\"display: none\"><li>Informazioni sulle Dimensioni dei camion<\/li><\/ul><\/div><\/div><\/div>[\/vc_column][\/vc_row][vc_row bg_parallax=&#8221;off&#8221; bg_video=&#8221;off&#8221; bottom_button=&#8221;off&#8221; css=&#8221;.vc_custom_1414841734642{margin-top: 0px !important;padding-top: 40px !important;}&#8221;][vc_column]<div style=\"height:30px\" class=\"ozy-spacer\"><\/div>[vc_column_text]<\/p>\n<div id=\"imContent\">\n<h2>Evrotent (carro)<\/h2>\n<\/div>\n<p><span class=\"fs24 ff2 cf0\">\u00a0<\/span>[\/vc_column_text][vc_single_image image=&#8221;1411&#8243; img_size=&#8221;full&#8221; alignment=&#8221;center&#8221;][vc_column_text]<\/p>\n<div id=\"imCellStyle_5\">\n<div id=\"imCellStyle_5\">\n<div id=\"imTextObject_5\">\n<div id=\"imCellStyle_5\">\n<div id=\"imTextObject_5\">\n<p><span class=\"ff5 fs24\">&#8220;Evrotent&#8221; &#8211;<wbr \/> che indica il veicolo nel \u00a0concetto tradizionale con un rimorchio di dimensioni simili a quelle \u00a0fornite. In un camion, altrimenti chiamato evrotent, adatta alla larghezza di due palette, fornite in una lunghezza di 120 cm ciascuno.<br \/>\n<\/span><span class=\"ff4 fs24\">Dimensioni Lunghezza &#8220;Evrotenta&#8221;:<br \/>\n<\/span><\/p>\n<ul>\n<li><span class=\"fs24 ff4\">13,6 m Larghezza:<br \/>\n<\/span><\/li>\n<li><span class=\"fs24 ff4\">2,45 m Altezza:<br \/>\n<\/span><\/li>\n<li><span class=\"fs24 ff4\">2,45 m Capacit\u00e0:<br \/>\n<\/span><\/li>\n<li><span class=\"fs24 ff4\">82 m3. <\/span><span class=\"ff5 fs24\">C<\/span><span class=\"ff4 fs24\">apacit\u00e0:<br \/>\n<\/span><\/li>\n<li><span class=\"ff4 fs24\">20 &#8211;<wbr \/> 22 tonnellate<\/span><span class=\"ff5 fs24\"><br \/>\n<\/span><\/li>\n<\/ul>\n<p><span class=\"fs24 ff4\">Ci sono un gran numero di modifiche per i rimorchi , tra cui il volume semi 76-<wbr \/>78 m3 &#8211;<wbr \/> con pi\u00f9 breve (12,5 &#8211;<wbr \/> 13 m) e semi-<wbr \/>rimorchi con uno standard o lunga lunghezza, larghezza e altezza (13.6 &#8211;<wbr \/> 15 m 2, 5 m, 2,7 m.)<br \/>\n<\/span><span class=\"ff5 fs24\"><br \/>\nIl rimorchio<\/span><span class=\"ff4 fs24\"> permette che la tenda venga rimossa dando la possibilit\u00e0 di carico \/ scarico da un lato o dall&#8217;alto. Inoltre, il rimorchio pu\u00f2 essere usato senza tenda come una piattaforma aperta con altezza bordo di 35 a 50 cm.<\/span><span class=\"ff0 fs24\"><span class=\"cf0\"><br \/>\n<\/span><\/span><\/p>\n<\/div>\n<\/div>\n<\/div>\n<\/div>\n<\/div>\n<p><span class=\"fs24 ff2 cf0\">\u00a0<\/span>[\/vc_column_text][\/vc_column][\/vc_row][vc_row bg_parallax=&#8221;off&#8221; bg_video=&#8221;off&#8221; bottom_button=&#8221;off&#8221; css=&#8221;.vc_custom_1414841734642{margin-top: 0px !important;padding-top: 40px !important;}&#8221;][vc_column]<div style=\"height:30px\" class=\"ozy-spacer\"><\/div>[vc_column_text]<\/p>\n<div id=\"imContent\">\n<h2>Isotermico e refrigerati semirimorchio<\/h2>\n<\/div>\n<p>[\/vc_column_text][vc_single_image image=&#8221;1412&#8243; img_size=&#8221;full&#8221; alignment=&#8221;center&#8221;][vc_column_text]<span class=\"ff1 fs24\">Se<\/span><span class=\"ff2 fs24\">mirimorchio isotermico ha capacit\u00e0 di frigorifero 82 m3 hanno propriet\u00e0 simili a quelle dei furgoni isotermici dei consumatori pi\u00f9 piccoli.<\/span>[\/vc_column_text][\/vc_column][\/vc_row][vc_row bg_parallax=&#8221;off&#8221; bg_video=&#8221;off&#8221; bottom_button=&#8221;off&#8221; css=&#8221;.vc_custom_1414841734642{margin-top: 0px !important;padding-top: 40px !important;}&#8221;][vc_column]<div style=\"height:30px\" class=\"ozy-spacer\"><\/div>[vc_column_text]<\/p>\n<div id=\"imContent\">\n<h2>20 tonnellate di container da 40 piedi<\/h2>\n<\/div>\n<p>[\/vc_column_text][vc_single_image image=&#8221;1410&#8243; img_size=&#8221;full&#8221; alignment=&#8221;center&#8221;][vc_column_text]<\/p>\n<div id=\"imCellStyle_11\">\n<div id=\"imTextObject_11\">\n<div id=\"imCellStyle_11\">\n<div id=\"imTextObject_11\">\n<p><span class=\"ff6 fs22\">Nelle automobili di consumo di qualit\u00e0 con installato container da 40 piedi mare vicino a 20 auto tonno con tenda o unit\u00e0 (evrotent).<\/span><span class=\"ff5 fs22\"><br \/>\n<\/span><span class=\"ff6 fs22\"><br \/>\nCi sono diversi tipi di marine 40 piedi. I tipi pi\u00f9 comunemente usati sono i seguenti:<br \/>\n<\/span><\/p>\n<ul>\n<li><span class=\"fs22 ff6\">Normale 40 piedi. contenitore<\/span><span class=\"ff5 fs22\"><br \/>\n<\/span><\/li>\n<li><span class=\"ff5 fs22\">40 piedi. thermocontainer (simili ai furgoni isolati)<br \/>\n<\/span><\/li>\n<li><span class=\"ff5 fs22\">40 piedi. refrigerato (furgone isotermico con attrezzatura frigorifera)<br \/>\n<\/span><\/li>\n<li><span class=\"ff5 fs22\">40 piedi. contenitore tetto tilt<br \/>\n<\/span><\/li>\n<li><span class=\"ff5 fs22\">40 piedi. piattaforma con telai di montaggio<\/span><span class=\"ff6 fs22\"><br \/>\n<\/span><\/li>\n<\/ul>\n<p><span class=\"fs22 ff5\"><br \/>\nDimensioni d&#8217;ingombro di container da 40 piedi:<br \/>\n<\/span><\/p>\n<ul>\n<li><span class=\"ff6 fs22\">Lunghezza: 12.0 m<br \/>\n<\/span><\/li>\n<li><span class=\"ff6 fs22\">Larghezza: 2,4 m<br \/>\n<\/span><\/li>\n<li><span class=\"ff6 fs22\">Altezza: 2,4 m<br \/>\n<\/span><\/li>\n<li><span class=\"ff6 fs22\">Capacit\u00e0: 68 m3<\/span><span class=\"ff5 fs22\">: <\/span><span class=\"ff6 fs22\"><br \/>\n<\/span><\/li>\n<li><span class=\"ff5 fs22\">20-<wbr \/>28 tonnellate 10 tonnellate tilt<\/span><span class=\"ff0 fs20\"><br \/>\n<\/span><\/li>\n<\/ul>\n<\/div>\n<\/div>\n<\/div>\n<\/div>\n<p>[\/vc_column_text][\/vc_column][\/vc_row][vc_row bg_parallax=&#8221;off&#8221; bg_video=&#8221;off&#8221; bottom_button=&#8221;off&#8221; css=&#8221;.vc_custom_1414841734642{margin-top: 0px !important;padding-top: 40px !important;}&#8221;][vc_column]<div style=\"height:30px\" class=\"ozy-spacer\"><\/div>[vc_column_text]<\/p>\n<div id=\"imContent\">\n<h2>10-ton<\/h2>\n<\/div>\n<p>[\/vc_column_text][vc_single_image image=&#8221;1407&#8243; img_size=&#8221;full&#8221; alignment=&#8221;center&#8221;][vc_column_text]<\/p>\n<div id=\"imCellStyle_14\">\n<div id=\"imTextObject_14\">\n<div id=\"imCellStyle_14\">\n<div id=\"imTextObject_14\">\n<div id=\"imCellStyle_14\">\n<div id=\"imTextObject_14\">\n<p><span class=\"ff5 fs22\">Caratteristiche approssimative di veicoli spazio di carico capacit\u00e0 di carico 10-<wbr \/>15 tonnellate *:<\/span><span class=\"ff4 fs22\"><br \/>\n<\/span><\/p>\n<ul>\n<li><span class=\"fs22 ff4\">Lunghezza: 5,0-<wbr \/>8,0 m <\/span><span class=\"ff5 fs22\"><br \/>\n<\/span><\/li>\n<li><span class=\"ff4 fs22\">Larghezza: 2,4-<wbr \/>2,5 m <\/span><span class=\"ff5 fs22\"><br \/>\n<\/span><\/li>\n<li><span class=\"ff4 fs22\">Altezza: 1,8-<wbr \/>3,0 m <\/span><span class=\"ff5 fs22\"><br \/>\n<\/span><\/li>\n<li><span class=\"ff4 fs22\">Volume: 25 &#8211;<wbr \/> 60 m3<br \/>\n<\/span><\/li>\n<\/ul>\n<p><span class=\"fs22 ff5\">Capacit\u00e0: 5 &#8211;<wbr \/> 15 tonnellate grande <\/span><span class=\"ff4 fs22\">variazione nei parametri a causa del gran numero di opzioni per i vani di carico.<br \/>\n<\/span><span class=\"ff5 fs22\">I Camion di questa classe sono ampiamente utilizzati per le destinazioni a lunga distanza e internazionali. Pronto per la cabina \u00e8 dotata di un letto e fornisce un posto per il mittente. Come standard, la macchina \u00e8 dotata di cinghie (fino a 6). Vano di carico adatto alle diverse varianti di carico \/ scarico (lato superiore). Modelli di autocarri importati possono essere dotati di sospensione pneumatica, che migliora la guida <\/span><span class=\"ff4 fs22\">e fornisce una migliore conservazione dei carichi fragili. Le macchine possono essere dotate di un ascensore.<\/span><span class=\"ff0 fs20\"><br \/>\n<\/span><\/p>\n<\/div>\n<\/div>\n<\/div>\n<\/div>\n<\/div>\n<\/div>\n<p>[\/vc_column_text][\/vc_column][\/vc_row][vc_row bg_parallax=&#8221;off&#8221; bg_video=&#8221;off&#8221; bottom_button=&#8221;off&#8221; css=&#8221;.vc_custom_1414841734642{margin-top: 0px !important;padding-top: 40px !important;}&#8221;][vc_column]<div style=\"height:30px\" class=\"ozy-spacer\"><\/div>[vc_column_text]<\/p>\n<div id=\"imContent\">\n<h2>10-ton termica<\/h2>\n<\/div>\n<p>[\/vc_column_text][vc_single_image image=&#8221;1408&#8243; img_size=&#8221;full&#8221; alignment=&#8221;center&#8221;][vc_column_text]<\/p>\n<div id=\"imCellStyle_17\">\n<div id=\"imTextObject_17\">\n<div id=\"imCellStyle_17\">\n<div id=\"imTextObject_17\">\n<p><span class=\"ff5 fs22\">Caratteristiche approssimative di veicoli spazio di carico capacit\u00e0 di carico 10-<wbr \/>15 tonnellate *<br \/>\n<\/span><\/p>\n<ul>\n<li><span class=\"fs22 ff5\">Lunghezza: 5,0-<wbr \/>8,0 m<br \/>\n<\/span><\/li>\n<li><span class=\"fs22 ff5\">Larghezza: <\/span><span class=\"ff4 fs22\">2,4-<wbr \/>2,5 m <\/span><span class=\"ff5 fs22\"><br \/>\n<\/span><\/li>\n<li><span class=\"ff4 fs22\">Altezza: 1,8-<wbr \/>3,0 m <\/span><span class=\"ff5 fs22\"><br \/>\n<\/span><\/li>\n<li><span class=\"ff4 fs22\">Volume: 25 &#8211;<wbr \/> 60 m3<br \/>\n<\/span><\/li>\n<li><span class=\"ff5 fs22\">Capacit\u00e0: 5 &#8211;<wbr \/> 15 ton<br \/>\n<\/span><\/li>\n<\/ul>\n<p><span class=\"fs22 ff5\">Variazione nei parametri a causa del gran numero di opzioni per i vani di carico.<\/span><span class=\"ff4 fs22\"><br \/>\n<\/span><span class=\"ff5 fs22\">Una caratteristica distintiva della stiva della &#8220;termofurgon&#8221; \u00e8 la capacit\u00e0 di mantenere per lungo tempo (10-<wbr \/>20 ore), la temperatura alla quale si sta scaricando, se la temperatura esterna da-<wbr \/>10C a +20 C. Inoltre, in alcuni modelli, esiste la possibilit\u00e0 di riscaldare la stiva, che consente per un tempo pi\u00f9 lungo e a basse temperature il mantenimento della temperatura interna. I lati del bagagliaio sono rivestiti di latta. le Porte di carico sono dotate di un sigillante. Ci sono fori di ventilazione. Di norma, il vano del carico \u00e8 dotato di una porta supplementare laterale per facilitare il carico \/ scarico.<\/span><span class=\"ff4 fs22\"><br \/>\nModelli di autocarri importati possono essere dotati di sospensione pneumatica, che migliora la guida e fornisce una migliore conservazione dei carichi fragili. Le macchine possono essere dotate di un ascensore.<\/span><span class=\"ff0 fs20\"><br \/>\n<\/span><\/p>\n<\/div>\n<\/div>\n<\/div>\n<\/div>\n<p>[\/vc_column_text][\/vc_column][\/vc_row][vc_row bg_parallax=&#8221;off&#8221; bg_video=&#8221;off&#8221; bottom_button=&#8221;off&#8221; css=&#8221;.vc_custom_1414841734642{margin-top: 0px !important;padding-top: 40px !important;}&#8221;][vc_column]<div style=\"height:30px\" class=\"ozy-spacer\"><\/div>[vc_column_text]<\/p>\n<div id=\"imContent\">\n<h2>10 tonnellate di contenitori di 20 piedi<\/h2>\n<\/div>\n<p>[\/vc_column_text][vc_single_image image=&#8221;1409&#8243; img_size=&#8221;full&#8221; alignment=&#8221;center&#8221;][vc_column_text]<\/p>\n<div id=\"imCellStyle_20\">\n<div id=\"imTextObject_20\">\n<div id=\"imCellStyle_20\">\n<div id=\"imTextObject_20\">\n<div id=\"imCellStyle_20\">\n<div id=\"imTextObject_20\">\n<p><span class=\"ff4 fs22\">Su<\/span><span class=\"ff5 fs22\">lla qualit\u00e0 del consumatore con la macchina impostata 20 piedi contenitore vicino al mare 10 auto tonnellata con tende o unit\u00e0. Ci sono diversi tipi di contenitori marini 20 piedi.<br \/>\nI tipi pi\u00f9 comunemente usati sono elencati di seguito i soliti 20 piedi. va<\/span><span class=\"ff4 fs22\">so. <\/span><span class=\"ff5 fs22\"><br \/>\n<\/span><\/p>\n<ul>\n<li><span class=\"fs22 ff4\">20 piedi. cold box (simili furgoni refrigerati)<\/span><span class=\"ff5 fs22\"><br \/>\n<\/span><\/li>\n<li><span class=\"ff4 fs22\">20-<wbr \/>ft. refrigerato (furgone isotermico con attrezzatura frigorifera)<br \/>\n<\/span><\/li>\n<li><span class=\"ff4 fs22\">20-<wbr \/>ft. contenitore tetto tilt<br \/>\n<\/span><\/li>\n<li><span class=\"ff4 fs22\">20-<wbr \/>ft. piattaforma di montaggio .<\/span><span class=\"ff5 fs22\"><br \/>\n<\/span><\/li>\n<\/ul>\n<p><span class=\"fs22 ff4\">Tutti i tipi di container vengono generalmente utilizzate per il carico multimodale (utilizzando diversi modi di trasporto). Tutti i contenitori hanno dimensioni esterne standard.<br \/>\nIn Russia, esiste una categoria di macchine con un telaio montato su contenitori piattaforma di vari tipi per uso permanente nel trasporto stradale. <\/span><span class=\"ff5 fs22\">Dimensioni d&#8217;ingombro di 20 piedi di contenitore:<br \/>\n<\/span><\/p>\n<ul>\n<li><span class=\"fs22 ff5\">Lunghezza: 6.0 m<br \/>\n<\/span><\/li>\n<li><span class=\"fs22 ff5\">Larghezza: 2.4 m<br \/>\n<\/span><\/li>\n<li><span class=\"fs22 ff5\">Altezza: 2,4 m<br \/>\n<\/span><\/li>\n<li><span class=\"fs22 ff5\">Capacit\u00e0: 34 m3<\/span><span class=\"ff4 fs22\"><br \/>\n<\/span><\/li>\n<li><span class=\"ff5 fs22\">Capacit\u00e0: 10-<wbr \/>20 tonnellate (capacit\u00e0 limitata della vettura)<\/span><span class=\"ff0 fs20\"><br \/>\n<\/span><\/li>\n<\/ul>\n<\/div>\n<\/div>\n<\/div>\n<\/div>\n<\/div>\n<\/div>\n<p>[\/vc_column_text][\/vc_column][\/vc_row]<\/p>","protected":false},"excerpt":{"rendered":"<p>[vc_row bg_parallax=&#8221;off&#8221; bg_scroll=&#8221;h,-1&#8243; bg_video=&#8221;off&#8221; bottom_button=&#8221;off&#8221; css=&#8221;.vc_custom_1450805116915{margin-top: 0px !important;margin-bottom: 0px !important;padding-top: 50px !important;padding-bottom: 50px !important;}&#8221; row_min_height=&#8221;700px&#8221;][vc_column][\/vc_column][\/vc_row][vc_row bg_parallax=&#8221;off&#8221; bg_video=&#8221;off&#8221; bottom_button=&#8221;off&#8221; css=&#8221;.vc_custom_1414841734642{margin-top: 0px !important;padding-top: 40px !important;}&#8221;][vc_column][vc_column_text] Evrotent (carro) \u00a0[\/vc_column_text][vc_single_image image=&#8221;1411&#8243; img_size=&#8221;full&#8221; alignment=&#8221;center&#8221;][vc_column_text] &#8220;Evrotent&#8221; [&hellip;]<\/p>\n","protected":false},"author":1,"featured_media":0,"parent":1397,"menu_order":0,"comment_status":"closed","ping_status":"closed","template":"","meta":[],"_links":{"self":[{"href":"http:\/\/euroimpex.lv\/it\/wp-json\/wp\/v2\/pages\/1436"}],"collection":[{"href":"http:\/\/euroimpex.lv\/it\/wp-json\/wp\/v2\/pages"}],"about":[{"href":"http:\/\/euroimpex.lv\/it\/wp-json\/wp\/v2\/types\/page"}],"author":[{"embeddable":true,"href":"http:\/\/euroimpex.lv\/it\/wp-json\/wp\/v2\/users\/1"}],"replies":[{"embeddable":true,"href":"http:\/\/euroimpex.lv\/it\/wp-json\/wp\/v2\/comments?post=1436"}],"version-history":[{"count":2,"href":"http:\/\/euroimpex.lv\/it\/wp-json\/wp\/v2\/pages\/1436\/revisions"}],"predecessor-version":[{"id":3328,"href":"http:\/\/euroimpex.lv\/it\/wp-json\/wp\/v2\/pages\/1436\/revisions\/3328"}],"up":[{"embeddable":true,"href":"http:\/\/euroimpex.lv\/it\/wp-json\/wp\/v2\/pages\/1397"}],"wp:attachment":[{"href":"http:\/\/euroimpex.lv\/it\/wp-json\/wp\/v2\/media?parent=1436"}],"curies":[{"name":"wp","href":"https:\/\/api.w.org\/{rel}","templated":true}]}}