{"id":1452,"date":"2015-12-03T14:29:02","date_gmt":"2015-12-03T14:29:02","guid":{"rendered":"http:\/\/euroimpex.wethree.eu\/?page_id=1452"},"modified":"2018-06-08T06:47:26","modified_gmt":"2018-06-08T06:47:26","slug":"types-of-semitrailers","status":"publish","type":"page","link":"http:\/\/euroimpex.lv\/it\/information\/types-of-semitrailers\/","title":{"rendered":"Tipi di semirimorchi"},"content":{"rendered":"<p>[vc_row bg_parallax=&#8221;off&#8221; bg_scroll=&#8221;h,-1&#8243; bg_video=&#8221;off&#8221; bottom_button=&#8221;off&#8221; css=&#8221;.vc_custom_1450805193178{margin-top: 0px !important;margin-bottom: 0px !important;padding-top: 50px !important;padding-bottom: 50px !important;}&#8221; row_min_height=&#8221;700px&#8221;][vc_column]<div class=\"ozy-floating-box\" style=\"height:200px;text-align:center\"><div><div class=\"ozy-tlt\" style=\"width:100%;display:inline-block;text-align:center;color:#002f50;font-weight:300;font-size:50px;line-height:60px\" data-display_time=\"3000\" data-in_effect=\"fadeIn\" data-in_effect_type=\"sync\" data-out_effect=\"fadeOut\" data-out_effect_type=\"sync\" data-loop=\"true\"><ul class=\"ozy-tlt-texts\" style=\"display: none\"><li>Tipi di semirimorchi<\/li><\/ul><\/div><\/div><\/div>[\/vc_column][\/vc_row][vc_row bg_parallax=&#8221;off&#8221; bg_video=&#8221;off&#8221; bottom_button=&#8221;off&#8221; css=&#8221;.vc_custom_1414841734642{margin-top: 0px !important;padding-top: 40px !important;}&#8221;][vc_column]<div style=\"height:30px\" class=\"ozy-spacer\"><\/div>[vc_single_image image=&#8221;1418&#8243; img_size=&#8221;full&#8221; alignment=&#8221;center&#8221;][vc_column_text]<\/p>\n<div id=\"imCellStyle_3\">\n<div id=\"imTextObject_3\">\n<p><span class=\"ff4 fs24\"><b>Isotermici semi-<wbr \/>volume a 82 metri cubi<\/b><br \/>\n<\/span><span class=\"ff5 fs24\">Isotermico semi di volume 82 m3 ha propriet\u00e0 simili a quelle dei furgoni isotermici consumatori pi\u00f9 piccoli. Il riferimento per questo tipo di rimorchio possono essere considerate le seguenti dimensioni:<br \/>\n<\/span><\/p>\n<ul>\n<li><span class=\"fs24 ff5\">lunghezza &#8211;<wbr \/> 13,6 m<br \/>\n<\/span><\/li>\n<li><span class=\"fs24 ff5\">larghezza 2,45 m<br \/>\n<\/span><\/li>\n<li><span class=\"fs24 ff5\">altezza 2,45 m<br \/>\n<\/span><\/li>\n<li><span class=\"fs24 ff5\">di volume &#8211;<wbr \/> 82 m3<br \/>\n<\/span><\/li>\n<li><span class=\"fs24 ff5\">capacit\u00e0 di carico &#8211;<wbr \/> 20-<wbr \/>25 tonnellate.<\/span><span class=\"ff4 fs24\"><br \/>\n<\/span><\/li>\n<\/ul>\n<p><span class=\"fs24 ff5\">Ci sono numerose modifiche di semi-<wbr \/>tra i quali sono i pi\u00f9 comuni:<\/span><span class=\"ff4 fs24\"><br \/>\n<\/span><\/p>\n<ul>\n<li><span class=\"fs24 ff4\">S<\/span><span class=\"ff5 fs24\">emi capacit\u00e0 di 76-<wbr \/>78 m3 &#8211;<wbr \/> ha una pi\u00f9 breve (12,5 &#8211;<wbr \/> 13 m)<\/span><span class=\"ff4 fs24\"><br \/>\n<\/span><\/li>\n<li><span class=\"ff4 fs24\">Rimorchi con standard o lungo lunghezza, la larghezza e l&#8217;altezza (13,6 m, 2,5 m, 2,7 m)<br \/>\n<\/span><\/li>\n<\/ul>\n<p><span class=\"fs24 ff5\">La caratteristica principale del consumatore \u00e8 la quantit\u00e0 del semirimorchio o numero di pallet che possono e<\/span><span class=\"ff4 fs24\">ssere scaricati.<br \/>\nSospensione semi eseguita in primavera o in versione pneumatica. Sospensioni ad aria assicura un liscio autotreni corsa, garantendo la sicurezza del carico fragile.<br \/>\n<\/span><span class=\"ff5 fs24\">Una caratteristica distintiva della stiva della &#8220;Termofurgon&#8221; \u00e8 la capacit\u00e0 di mantenere per lungo tempo (10-<wbr \/>20 ore), la temperatura alla quale si sta scaricando, se la temperatura esterna da-<wbr \/>10C a +20 C. Inoltre, in alcuni modelli, esiste la possibilit\u00e0 di riscaldare la stiva, che consente per un tempo pi\u00f9 lungo e a basse temperature per mantenere la temperatura interna. I lati del bagagliaio sono di latta espanso rivestito. Porte di carico sono dotate di un sigillante. Ci sono fori di ventilazione. Di norma, il vano di carico \u00e8 dotato porta supplementare laterale per facilitare<\/span><span class=\"ff4 fs24\"> il carico \/ scarico.<br \/>\n<b>Rimorchio del volume refrigerato a 82 metri cubi<\/b><br \/>\n<\/span><span class=\"ff5 fs24\">Rimorchio frigorifero \u00e8 un semi-<wbr \/>camion in cui la temperatura pu\u00f2 essere modificata dal negativo (-<wbr \/> 7-<wbr \/>12C) a positivo (0 &#8211;<wbr \/> 10 C), indipendentemente dalla temperatura esterna. Questa capacit\u00e0 \u00e8 fornito dalla unit\u00e0 di refrigerazione autonoma spazio di carico. I moderni sistemi di refrigerazione hanno diversi livelli di protezione contro le modifiche accidentali di temperatura, che garantisce la sicurezza del carico. Le piante possono avere la possibilit\u00e0 di registrare la temperatura di specializzati &#8220;spazi vuoti&#8221;. L&#8217;utilizzo principale di questi semi &#8211;<wbr \/> prodotti deperibili o di merci che richiedono particolari condizioni di temperatura.<\/span><span class=\"ff4 fs24\"><br \/>\nSemi ha le seguenti dimensioni:<br \/>\n<\/span><\/p>\n<ul>\n<li><span class=\"fs24 ff4\">lunghezza &#8211;<wbr \/> 13,6 m <\/span><span class=\"ff5 fs24\"><br \/>\n<\/span><\/li>\n<li><span class=\"ff4 fs24\">la<\/span><span class=\"ff5 fs24\">rghezza &#8211;<wbr \/> 2,45 m<br \/>\n<\/span><\/li>\n<li><span class=\"ff5 fs24\">di altezza &#8211;<wbr \/> 2,45 m<br \/>\n<\/span><\/li>\n<li><span class=\"ff5 fs24\">di volume &#8211;<wbr \/> 82 m3<br \/>\n<\/span><\/li>\n<li><span class=\"ff5 fs24\">capacit\u00e0 di carico &#8211;<wbr \/> 20-<wbr \/>25 tonnellate.<\/span><span class=\"ff4 fs24\"><br \/>\n<\/span><\/li>\n<\/ul>\n<p><span class=\"fs24 ff5\">Ci sono numerose modifiche di semi-<wbr \/>tra i quali sono i pi\u00f9 comuni:<br \/>\n<\/span><\/p>\n<ul>\n<li><span class=\"ff5 fs24\">Semi capacit\u00e0 76-<wbr \/>78 m3 &#8211;<wbr \/> ha una pi\u00f9 breve (12,5 &#8211;<wbr \/> 13 m.)<br \/>\n<\/span><\/li>\n<li><span class=\"ff5 fs24\">Con uno standard o semi maggiore lunghe<\/span><span class=\"ff4 fs24\">zza, larghezza e altezza (13,6 m , 2,5 m, 2,7 m)<br \/>\n<\/span><\/li>\n<\/ul>\n<p><span class=\"fs24 ff5\">La caratteristica principale del consumatore \u00e8 la quantit\u00e0 del semirimorchio o numero di pallet che possono essere scaricati.<\/span><span class=\"ff4 fs24\"><br \/>\nSospensione semi eseguita in primavera o in versione pneumatica. Sospensioni ad aria assicura un liscio autotreni corsa, garantendo la sicurezza del carico fragile.<\/span><span class=\"ff0 fs24\"><span class=\"cf0\"><br \/>\n<\/span><\/span><\/p>\n<\/div>\n<\/div>\n<p>[\/vc_column_text][\/vc_column][\/vc_row]<\/p>","protected":false},"excerpt":{"rendered":"<p>[vc_row bg_parallax=&#8221;off&#8221; bg_scroll=&#8221;h,-1&#8243; bg_video=&#8221;off&#8221; bottom_button=&#8221;off&#8221; css=&#8221;.vc_custom_1450805193178{margin-top: 0px !important;margin-bottom: 0px !important;padding-top: 50px !important;padding-bottom: 50px !important;}&#8221; row_min_height=&#8221;700px&#8221;][vc_column][\/vc_column][\/vc_row][vc_row bg_parallax=&#8221;off&#8221; bg_video=&#8221;off&#8221; bottom_button=&#8221;off&#8221; css=&#8221;.vc_custom_1414841734642{margin-top: 0px !important;padding-top: 40px !important;}&#8221;][vc_column][vc_single_image image=&#8221;1418&#8243; img_size=&#8221;full&#8221; alignment=&#8221;center&#8221;][vc_column_text] Isotermici semi-volume a 82 [&hellip;]<\/p>\n","protected":false},"author":1,"featured_media":0,"parent":1397,"menu_order":0,"comment_status":"closed","ping_status":"closed","template":"","meta":[],"_links":{"self":[{"href":"http:\/\/euroimpex.lv\/it\/wp-json\/wp\/v2\/pages\/1452"}],"collection":[{"href":"http:\/\/euroimpex.lv\/it\/wp-json\/wp\/v2\/pages"}],"about":[{"href":"http:\/\/euroimpex.lv\/it\/wp-json\/wp\/v2\/types\/page"}],"author":[{"embeddable":true,"href":"http:\/\/euroimpex.lv\/it\/wp-json\/wp\/v2\/users\/1"}],"replies":[{"embeddable":true,"href":"http:\/\/euroimpex.lv\/it\/wp-json\/wp\/v2\/comments?post=1452"}],"version-history":[{"count":3,"href":"http:\/\/euroimpex.lv\/it\/wp-json\/wp\/v2\/pages\/1452\/revisions"}],"predecessor-version":[{"id":3330,"href":"http:\/\/euroimpex.lv\/it\/wp-json\/wp\/v2\/pages\/1452\/revisions\/3330"}],"up":[{"embeddable":true,"href":"http:\/\/euroimpex.lv\/it\/wp-json\/wp\/v2\/pages\/1397"}],"wp:attachment":[{"href":"http:\/\/euroimpex.lv\/it\/wp-json\/wp\/v2\/media?parent=1452"}],"curies":[{"name":"wp","href":"https:\/\/api.w.org\/{rel}","templated":true}]}}