{"id":1495,"date":"2015-12-04T07:50:38","date_gmt":"2015-12-04T07:50:38","guid":{"rendered":"http:\/\/euroimpex.wethree.eu\/?page_id=1495"},"modified":"2018-06-08T06:36:57","modified_gmt":"2018-06-08T06:36:57","slug":"adr-classification-of-dangerous-cargoes","status":"publish","type":"page","link":"http:\/\/euroimpex.lv\/it\/information\/adr-classification-of-dangerous-cargoes\/","title":{"rendered":"La classe di pericolo (ADR) Informazioni"},"content":{"rendered":"<p>[vc_row bg_parallax=&#8221;off&#8221; bg_scroll=&#8221;h,-1&#8243; bg_video=&#8221;off&#8221; bottom_button=&#8221;off&#8221; css=&#8221;.vc_custom_1450804690248{margin-top: 0px !important;margin-bottom: 0px !important;padding-top: 50px !important;padding-bottom: 50px !important;}&#8221; row_min_height=&#8221;700px&#8221;][vc_column]<div class=\"ozy-floating-box\" style=\"height:200px;text-align:center\"><div><div class=\"ozy-tlt\" style=\"width:100%;display:inline-block;text-align:center;color:#223b56;font-weight:300;font-size:50px;line-height:60px\" data-display_time=\"3000\" data-in_effect=\"fadeIn\" data-in_effect_type=\"sync\" data-out_effect=\"fadeOut\" data-out_effect_type=\"sync\" data-loop=\"true\"><ul class=\"ozy-tlt-texts\" style=\"display: none\"><li>La classe di pericolo (ADR) Informazioni<\/li><\/ul><\/div><\/div><\/div>[\/vc_column][\/vc_row][vc_row bg_parallax=&#8221;off&#8221; bg_video=&#8221;off&#8221; bottom_button=&#8221;off&#8221; css=&#8221;.vc_custom_1414841734642{margin-top: 0px !important;padding-top: 40px !important;}&#8221;][vc_column][vc_column_text]<span class=\"ff4 fs22\">Trasporto su strada di merci pericolose effettuate conformemente alle disposizioni del trattato di paesi europei per il trasporto internazionale di merci pericolose su strada (ADR.)<\/span><\/p>\n<p><span class=\"ff5 fs22\">Ogni classe di merci pericolose in base alla loro propriet\u00e0 fisico-<wbr \/>chimiche, specie, e il grado di pericolo durante il tras<\/span><span class=\"ff4 fs22\">porto sono divisi in sotto-<wbr \/>classi, categorie e gruppi (secondo la classificazione ADR del contratto).<\/span>[\/vc_column_text][\/vc_column][\/vc_row][vc_row bg_parallax=&#8221;off&#8221; bg_video=&#8221;off&#8221; bottom_button=&#8221;off&#8221; css=&#8221;.vc_custom_1414841734642{margin-top: 0px !important;padding-top: 40px !important;}&#8221;][vc_column]<div style=\"height:30px\" class=\"ozy-spacer\"><\/div>[vc_column_text]<strong>CLASSE 1<\/strong> &#8211; materiale esplosivo la cui propriet\u00e0 potrebbe esplodere e causare un incendio con effetto esplosivo, cos\u00ec come i dispositivi contenenti materie esplosive ed esplosive destinate a produrre effetti pirotecnici;[\/vc_column_text][vc_row_inner][vc_column_inner width=&#8221;1\/6&#8243;][vc_single_image image=&#8221;1505&#8243; img_size=&#8221;full&#8221; alignment=&#8221;center&#8221;][\/vc_column_inner][vc_column_inner width=&#8221;1\/6&#8243;][vc_single_image image=&#8221;1506&#8243; img_size=&#8221;full&#8221; alignment=&#8221;center&#8221;][\/vc_column_inner][vc_column_inner width=&#8221;1\/6&#8243;][vc_single_image image=&#8221;1507&#8243; img_size=&#8221;full&#8221; alignment=&#8221;center&#8221;][\/vc_column_inner][vc_column_inner width=&#8221;1\/6&#8243;][vc_single_image image=&#8221;1508&#8243; img_size=&#8221;full&#8221; alignment=&#8221;center&#8221;][\/vc_column_inner][vc_column_inner width=&#8221;1\/6&#8243;][vc_single_image image=&#8221;1509&#8243; img_size=&#8221;full&#8221; alignment=&#8221;center&#8221;][\/vc_column_inner][vc_column_inner width=&#8221;1\/6&#8243;][vc_single_image image=&#8221;1510&#8243; img_size=&#8221;full&#8221; alignment=&#8221;center&#8221;][\/vc_column_inner][\/vc_row_inner][vc_column_text]<strong>Divisione 1.1<\/strong> &#8211; Esplosivi e sostanze pirotecniche e di prodotti a rischio di esplosione in massa quando l&#8217;esplosione copre istantaneamente l&#8217;intero carico;<br \/>\n<strong>Divisione 1.2<\/strong> &#8211; Esplosivi e sostanze pirotecniche e gli oggetti non esplodono di massa;<br \/>\n<strong>Divisione 1.3<\/strong> &#8211; Esplosivi e sostanze pirotecniche e oggetti comportanti un rischio d\u2019incendio con un piccolo effetto esplosivo o senza di essa;<br \/>\n<strong>Divisione 1.4<\/strong> &#8211; Esplosivi e sostanze pirotecnici e articoli che presentano un leggero pericolo durante il trasporto solo in caso di accensione o innesco, che non \u00e8 la distruzione di dispositivi e pacchetti;<br \/>\n<strong>Divisione 1.5<\/strong> &#8211; Esplosivi con un rischio di esplosione in massa la cui sensibilit\u00e0 \u00e8 che l&#8217;inizio di trasporto o di passaggio dalla combustione alla detonazione \u00e8 improbabile;<br \/>\n<strong>Divisione 1.6<\/strong> &#8211; prodotti contenenti sostanze detonanti poche sensibili probabilit\u00e0 frantumi di massa e basso livello d\u2019innesco accidentale;[\/vc_column_text][\/vc_column][\/vc_row][vc_row bg_parallax=&#8221;off&#8221; bg_video=&#8221;off&#8221; bottom_button=&#8221;off&#8221; css=&#8221;.vc_custom_1414841734642{margin-top: 0px !important;padding-top: 40px !important;}&#8221;][vc_column]<div style=\"height:30px\" class=\"ozy-spacer\"><\/div>[vc_column_text]<span class=\"ff5 cf0 fs24\"><b>CLASS 2<\/b> &#8211;<wbr \/> gases, including compressed, dissolved under pressure gases and vapours that are in compliance to at least one of the following conditions:<br \/>\n<\/span><span class=\"ff6 cf0 fs24\">&#8211;<wbr \/> <\/span><span class=\"ff5 cf0 fs24\">absolutely pressure of vapours by the temperature 50 degrees.<br \/>\n<\/span><span class=\"ff6 cf0 fs24\">&#8211;<wbr \/><\/span><span class=\"ff5 cf0 fs24\"> critical temperature less than 50 degrees.<\/span><\/p>\n<p>According to physical condition gases are divided into:<br \/>\n<span class=\"ff6 cf0 fs24\">&#8211;<wbr \/><\/span><span class=\"ff5 cf0 fs24\"> compressed , that critical temperature is less than &#8211;<wbr \/>10 degree;<br \/>\n<\/span><span class=\"ff6 cf0 fs24\">&#8211;<wbr \/><\/span><span class=\"ff5 cf0 fs24\"> liquefied gas, that critical temperature is equals or more than &#8211;<wbr \/>10 degrees, but less than 70 degrees;<br \/>\n<\/span><span class=\"ff6 cf0 fs24\">&#8211;<wbr \/><\/span><span class=\"ff5 cf0 fs24\"> dissolved under pressure;<br \/>\n<\/span><span class=\"ff6 cf0 fs24\">&#8211;<wbr \/><\/span><span class=\"ff5 cf0 fs24\"> liquefied under cooling;<br \/>\n<\/span><span class=\"ff6 cf0 fs24\">&#8211;<wbr \/><\/span><span class=\"ff5 cf0 fs24\"> aerosol and compressed gas that are under action of special regulation.<\/span>[\/vc_column_text][vc_row_inner][vc_column_inner width=&#8221;1\/6&#8243;][vc_single_image image=&#8221;1511&#8243; img_size=&#8221;full&#8221; alignment=&#8221;center&#8221;][\/vc_column_inner][vc_column_inner width=&#8221;1\/6&#8243;][vc_single_image image=&#8221;1512&#8243; img_size=&#8221;full&#8221; alignment=&#8221;center&#8221;][\/vc_column_inner][vc_column_inner width=&#8221;1\/6&#8243;][vc_single_image image=&#8221;1513&#8243; img_size=&#8221;full&#8221; alignment=&#8221;center&#8221;][\/vc_column_inner][vc_column_inner width=&#8221;1\/6&#8243;][\/vc_column_inner][vc_column_inner width=&#8221;1\/6&#8243;][\/vc_column_inner][vc_column_inner width=&#8221;1\/6&#8243;][\/vc_column_inner][\/vc_row_inner][vc_column_text]<\/p>\n<ul>\n<li><span class=\"fs24 ff5 cf0\"><b>Subclass 2.1.<\/b> <\/span><span class=\"ff6 fs24 cf0\">\u2013<\/span><span class=\"ff5 fs24 cf0\"> non-<wbr \/>flammable gases<br \/>\n<\/span><\/li>\n<li><span class=\"ff5 fs24 cf0\"><b>Subclass 2.2.<\/b> <\/span><span class=\"ff6 fs24 cf0\">\u2013<\/span><span class=\"ff5 fs24 cf0\"> non-<wbr \/>flammable toxic gases<br \/>\n<\/span><\/li>\n<li><span class=\"ff5 fs24 cf0\"><b>Subclass 2.3.<\/b> &#8211;<wbr \/> highly inflammable gases<br \/>\n<\/span><\/li>\n<li><span class=\"ff5 fs24 cf0\"><b>Subclass 2.4.<\/b> &#8211;<wbr \/> highly inflammable toxic gases<br \/>\n<\/span><\/li>\n<li><span class=\"ff5 fs24 cf0\"><b>Subclass 2.5.<\/b> &#8211;<wbr \/> chemically unstable toxic gases<\/span><\/li>\n<\/ul>\n<p>[\/vc_column_text][\/vc_column][\/vc_row][vc_row bg_parallax=&#8221;off&#8221; bg_video=&#8221;off&#8221; bottom_button=&#8221;off&#8221; css=&#8221;.vc_custom_1414841734642{margin-top: 0px !important;padding-top: 40px !important;}&#8221;][vc_column]<div style=\"height:30px\" class=\"ozy-spacer\"><\/div>[vc_column_text]<span class=\"ff5 cf0 fs24\"><b>CLASS 3<\/b> <\/span><span class=\"ff6 cf0 fs24\">\u2013<\/span><span class=\"ff5 cf0 fs24\"> highly inflammable liquid, mixes of liquids and liquids, contained rough substances in it and suspension, that release highly inflammable vapours, that has the temperature of flash in close capsule 61 degrees and lower.<\/span>[\/vc_column_text][vc_row_inner][vc_column_inner width=&#8221;1\/6&#8243;][vc_single_image image=&#8221;1514&#8243; img_size=&#8221;full&#8221; alignment=&#8221;center&#8221;][\/vc_column_inner][vc_column_inner width=&#8221;1\/6&#8243;][\/vc_column_inner][vc_column_inner width=&#8221;1\/6&#8243;][\/vc_column_inner][vc_column_inner width=&#8221;1\/6&#8243;][\/vc_column_inner][vc_column_inner width=&#8221;1\/6&#8243;][\/vc_column_inner][vc_column_inner width=&#8221;1\/6&#8243;][\/vc_column_inner][\/vc_row_inner][vc_column_text]<\/p>\n<ul>\n<li><span class=\"fs24 ff5 cf0\"><b>Subclass 3.1.<\/b> &#8211;<wbr \/> highly inflammable liquids with low temperature of liquid flash, that has the temperature of flash in close capsule lower than &#8211;<wbr \/>18 degrees, or that has the temperature of flash in aggregate with another dangerous features, except highly inflammable;<br \/>\n<\/span><\/li>\n<li><span class=\"ff5 cf0 fs24\"><b>Subclass 3.2.<\/b> &#8211;<wbr \/> highly inflammable liquids with average temperature of liquid flash in close capsule ranging from &#8211;<wbr \/>18 to +23 degrees.<br \/>\n<\/span><\/li>\n<li><span class=\"ff5 cf0 fs24\"><b>Subclass 3.3.<\/b> &#8211;<wbr \/> highly inflammable liquids with high temperature of flash-<wbr \/>are liquids with temperature of flash ranging from 23 to 61 degrees, including in a close capsule.<\/span><\/li>\n<\/ul>\n<p>[\/vc_column_text][\/vc_column][\/vc_row][vc_row bg_parallax=&#8221;off&#8221; bg_video=&#8221;off&#8221; bottom_button=&#8221;off&#8221; css=&#8221;.vc_custom_1414841734642{margin-top: 0px !important;padding-top: 40px !important;}&#8221;][vc_column]<div style=\"height:30px\" class=\"ozy-spacer\"><\/div>[vc_column_text]<span class=\"ff4 fs24\"><b>CLASS 4<\/b> &#8211;<wbr \/> highly inflammable substances and materials (except qualified as inflammable), that can inflame during the transportation because of outer sources as a result of friction, liquid absorption, spontaneous chemical transformations and while heating;<\/span>[\/vc_column_text][vc_row_inner][vc_column_inner width=&#8221;1\/6&#8243;][vc_single_image image=&#8221;1515&#8243; img_size=&#8221;full&#8221; alignment=&#8221;center&#8221;][\/vc_column_inner][vc_column_inner width=&#8221;1\/6&#8243;][vc_single_image image=&#8221;1516&#8243; img_size=&#8221;full&#8221; alignment=&#8221;center&#8221;][\/vc_column_inner][vc_column_inner width=&#8221;1\/6&#8243;][vc_single_image image=&#8221;1517&#8243; img_size=&#8221;full&#8221; alignment=&#8221;center&#8221;][\/vc_column_inner][vc_column_inner width=&#8221;1\/6&#8243;][\/vc_column_inner][vc_column_inner width=&#8221;1\/6&#8243;][\/vc_column_inner][vc_column_inner width=&#8221;1\/6&#8243;][\/vc_column_inner][\/vc_row_inner][vc_column_text]<\/p>\n<ul>\n<li><span class=\"fs24 ff4\"><b>Subclass 4.1.<\/b> &#8211;<wbr \/> highly inflammable rough substances, that can inflame because of external influence (such as spark, flame or friction) and actively burn.<br \/>\n<\/span><\/li>\n<li><span class=\"fs24 ff4\"><b>Subclass 4.2.<\/b> &#8211;<wbr \/> self-<wbr \/>ignitable substances, that in usual conditions of transportation can heat and inflame self-<wbr \/>ignitable.<br \/>\n<\/span><\/li>\n<li><span class=\"fs24 ff4\"><b>Subclass 4.3.<\/b> &#8211;<wbr \/> substances that in cooperation with water can emit inflammable gases.<\/span><\/li>\n<\/ul>\n<p>[\/vc_column_text][\/vc_column][\/vc_row][vc_row bg_parallax=&#8221;off&#8221; bg_video=&#8221;off&#8221; bottom_button=&#8221;off&#8221; css=&#8221;.vc_custom_1414841734642{margin-top: 0px !important;padding-top: 40px !important;}&#8221;][vc_column]<div style=\"height:30px\" class=\"ozy-spacer\"><\/div>[vc_column_text]<span class=\"ff5 fs24\"><b>CLASS 5<\/b> &#8211;<wbr \/> oxidizing agents and organic peroxides that are able easily to emit oxygen, to maintain burning process, and also in corresponding conditions or in mixtures with other substances can make self-<wbr \/>ignition or explosion;<\/span>[\/vc_column_text][vc_row_inner][vc_column_inner width=&#8221;1\/6&#8243;][vc_single_image image=&#8221;1518&#8243; img_size=&#8221;full&#8221; alignment=&#8221;center&#8221;][\/vc_column_inner][vc_column_inner width=&#8221;1\/6&#8243;][vc_single_image image=&#8221;1519&#8243; img_size=&#8221;full&#8221; alignment=&#8221;center&#8221;][\/vc_column_inner][vc_column_inner width=&#8221;1\/6&#8243;][\/vc_column_inner][vc_column_inner width=&#8221;1\/6&#8243;][\/vc_column_inner][vc_column_inner width=&#8221;1\/6&#8243;][\/vc_column_inner][vc_column_inner width=&#8221;1\/6&#8243;][\/vc_column_inner][\/vc_row_inner][vc_column_text]<\/p>\n<ul>\n<li><span class=\"fs24 ff5\"><b>Subclass 5.1.<\/b> &#8211;<wbr \/> oxidizing agents, that are not inflammable themselves, but promote the inflammination of other substances and emits oxygen while burning, that makes the flame more intensive.<br \/>\n<\/span><\/li>\n<li><span class=\"fs24 cf1 ff5\"><b>Subclass 5.2.<\/b> &#8211;<wbr \/> organic peroxides, that in majority of cases are combustible, can act as oxidizing agents and dangerous in action with another substances. The majority of them are easily inflammable and sensitive to knocks and frictions<\/span><span class=\"cf0 fs24 ff5\"><br \/>\n<\/span><\/li>\n<\/ul>\n<p>[\/vc_column_text][\/vc_column][\/vc_row][vc_row bg_parallax=&#8221;off&#8221; bg_video=&#8221;off&#8221; bottom_button=&#8221;off&#8221; css=&#8221;.vc_custom_1414841734642{margin-top: 0px !important;padding-top: 40px !important;}&#8221;][vc_column]<div style=\"height:30px\" class=\"ozy-spacer\"><\/div>[vc_column_text]<span class=\"ff4 fs24\"><b>CLASS 6<\/b> <\/span><span class=\"ff7 fs24\">\u2013<\/span><span class=\"ff4 fs24\"> toxic and infectious substances, that can be the reason of death, poisoning or deceases that while coming inside of the organism or while contact with skin and mucous tunic.<\/span>[\/vc_column_text][vc_row_inner][vc_column_inner width=&#8221;1\/6&#8243;][vc_single_image image=&#8221;1520&#8243; img_size=&#8221;full&#8221; alignment=&#8221;center&#8221;][\/vc_column_inner][vc_column_inner width=&#8221;1\/6&#8243;][vc_single_image image=&#8221;1521&#8243; img_size=&#8221;full&#8221; alignment=&#8221;center&#8221;][\/vc_column_inner][vc_column_inner width=&#8221;1\/6&#8243;][\/vc_column_inner][vc_column_inner width=&#8221;1\/6&#8243;][\/vc_column_inner][vc_column_inner width=&#8221;1\/6&#8243;][\/vc_column_inner][vc_column_inner width=&#8221;1\/6&#8243;][\/vc_column_inner][\/vc_row_inner][vc_column_text]<\/p>\n<ul>\n<li><span class=\"fs24 ff4\"><b>Subclass 6.1.<\/b> &#8211;<wbr \/> toxic substances, that can be the reason of poisoning while breathing the vapours or dust, hitting inside or in contact with skin.<br \/>\n<\/span><\/li>\n<li><span class=\"fs24 ff4\"><b>Subclass 6.2.<\/b> &#8211;<wbr \/> substances and materials, containing pathogenic bacteria, that are dangerous for people and animal.<\/span><\/li>\n<\/ul>\n<p>[\/vc_column_text][\/vc_column][\/vc_row][vc_row bg_parallax=&#8221;off&#8221; bg_video=&#8221;off&#8221; bottom_button=&#8221;off&#8221; css=&#8221;.vc_custom_1414841734642{margin-top: 0px !important;padding-top: 40px !important;}&#8221;][vc_column]<div style=\"height:30px\" class=\"ozy-spacer\"><\/div>[vc_column_text]<\/p>\n<div id=\"imCellStyle_26\">\n<div id=\"imTextObject_26\">\n<p><span class=\"ff4 fs24\"><b>CLASS 7<\/b> &#8211;<wbr \/> radioactive substance with specific activity more than 70 kBk (2nK\/g)<\/span><span class=\"ff0 fs20\"><br \/>\n<\/span><\/p>\n<\/div>\n<\/div>\n<p>[\/vc_column_text][vc_row_inner][vc_column_inner width=&#8221;1\/6&#8243;][vc_single_image image=&#8221;1522&#8243; img_size=&#8221;full&#8221; alignment=&#8221;center&#8221;][\/vc_column_inner][vc_column_inner width=&#8221;1\/6&#8243;][vc_single_image image=&#8221;1523&#8243; img_size=&#8221;full&#8221; alignment=&#8221;center&#8221;][\/vc_column_inner][vc_column_inner width=&#8221;1\/6&#8243;][vc_single_image image=&#8221;1524&#8243; img_size=&#8221;full&#8221; alignment=&#8221;center&#8221;][\/vc_column_inner][vc_column_inner width=&#8221;1\/6&#8243;][\/vc_column_inner][vc_column_inner width=&#8221;1\/6&#8243;][\/vc_column_inner][vc_column_inner width=&#8221;1\/6&#8243;][\/vc_column_inner][\/vc_row_inner][\/vc_column][\/vc_row][vc_row bg_parallax=&#8221;off&#8221; bg_video=&#8221;off&#8221; bottom_button=&#8221;off&#8221; css=&#8221;.vc_custom_1414841734642{margin-top: 0px !important;padding-top: 40px !important;}&#8221;][vc_column]<div style=\"height:30px\" class=\"ozy-spacer\"><\/div>[vc_column_text]<span class=\"ff4 fs24\"><b>CLASS 8<\/b> caustic and corrosive substances, that damage the skin, damaging of mucous membrane of eyes and breathing passages, metal corrosion and damages of vehicles, buildings or cargoes; also can be the reason of flame while interaction with organic materials and several chemical substances.<\/span>[\/vc_column_text][vc_row_inner][vc_column_inner width=&#8221;1\/6&#8243;][vc_single_image image=&#8221;1525&#8243; img_size=&#8221;full&#8221; alignment=&#8221;center&#8221;][\/vc_column_inner][vc_column_inner width=&#8221;1\/6&#8243;][\/vc_column_inner][vc_column_inner width=&#8221;1\/6&#8243;][\/vc_column_inner][vc_column_inner width=&#8221;1\/6&#8243;][\/vc_column_inner][vc_column_inner width=&#8221;1\/6&#8243;][\/vc_column_inner][vc_column_inner width=&#8221;1\/6&#8243;][\/vc_column_inner][\/vc_row_inner][vc_column_text]<\/p>\n<ul>\n<li><span class=\"fs24 ff4\"><b>Subclass 8.1.<\/b> <\/span><span class=\"ff6 fs24\">\u2013<\/span><span class=\"ff4 fs24\"> acid;<br \/>\n<\/span><\/li>\n<li><span class=\"ff4 fs24\"><b>Subclass 8.2.<\/b> &#8211;<wbr \/> alkali;<br \/>\n<\/span><\/li>\n<li><span class=\"ff4 fs24\"><b>Subclass 8.3. <\/b>&#8211;<wbr \/> different caustic and corrosion substance.<span class=\"cf0\"><br \/>\n<\/span><\/span><\/li>\n<\/ul>\n<p>[\/vc_column_text][\/vc_column][\/vc_row][vc_row bg_parallax=&#8221;off&#8221; bg_video=&#8221;off&#8221; bottom_button=&#8221;off&#8221; css=&#8221;.vc_custom_1414841734642{margin-top: 0px !important;padding-top: 40px !important;}&#8221;][vc_column]<div style=\"height:30px\" class=\"ozy-spacer\"><\/div>[vc_column_text]<\/p>\n<div id=\"imCellStyle_32\">\n<div id=\"imTextObject_32\">\n<p><span class=\"ff4 fs24\"><b>CLASS 9<\/b> substances with relative low level of dangerous while transportation, also substances, that are not referred to none of the previous classes, but that need special rules for transportation and storage.<\/span><\/p>\n<\/div>\n<\/div>\n<p>[\/vc_column_text][vc_column_text]<\/p>\n<ul>\n<li><span class=\"fs24 ff4\"><b>Subclass 9.1.<\/b> &#8211;<wbr \/> rough and liquid burning substances and materials, that in compliance to their features are not referred to 3rd and 4th classes of dangerous, but in special conditions can be dangerous and inflammable (inflammable liquids with the temperature of flash ranging from +61 degrees to +100 degrees in clause capsule and other similar materials);<br \/>\n<\/span><\/li>\n<li><span class=\"ff4 fs24\"><b>Subclass 9.2.<\/b> &#8211;<wbr \/> Substances those become caustic and corrosive under special condition.<\/span><span class=\"ff0 fs20\"><br \/>\n<\/span><\/li>\n<\/ul>\n<p>[\/vc_column_text][\/vc_column][\/vc_row]<\/p>","protected":false},"excerpt":{"rendered":"<p>[vc_row bg_parallax=&#8221;off&#8221; bg_scroll=&#8221;h,-1&#8243; bg_video=&#8221;off&#8221; bottom_button=&#8221;off&#8221; css=&#8221;.vc_custom_1450804690248{margin-top: 0px !important;margin-bottom: 0px !important;padding-top: 50px !important;padding-bottom: 50px !important;}&#8221; row_min_height=&#8221;700px&#8221;][vc_column][\/vc_column][\/vc_row][vc_row bg_parallax=&#8221;off&#8221; bg_video=&#8221;off&#8221; bottom_button=&#8221;off&#8221; css=&#8221;.vc_custom_1414841734642{margin-top: 0px !important;padding-top: 40px !important;}&#8221;][vc_column][vc_column_text]Trasporto su strada di merci pericolose effettuate conformemente [&hellip;]<\/p>\n","protected":false},"author":1,"featured_media":0,"parent":1397,"menu_order":0,"comment_status":"closed","ping_status":"closed","template":"","meta":[],"_links":{"self":[{"href":"http:\/\/euroimpex.lv\/it\/wp-json\/wp\/v2\/pages\/1495"}],"collection":[{"href":"http:\/\/euroimpex.lv\/it\/wp-json\/wp\/v2\/pages"}],"about":[{"href":"http:\/\/euroimpex.lv\/it\/wp-json\/wp\/v2\/types\/page"}],"author":[{"embeddable":true,"href":"http:\/\/euroimpex.lv\/it\/wp-json\/wp\/v2\/users\/1"}],"replies":[{"embeddable":true,"href":"http:\/\/euroimpex.lv\/it\/wp-json\/wp\/v2\/comments?post=1495"}],"version-history":[{"count":2,"href":"http:\/\/euroimpex.lv\/it\/wp-json\/wp\/v2\/pages\/1495\/revisions"}],"predecessor-version":[{"id":3322,"href":"http:\/\/euroimpex.lv\/it\/wp-json\/wp\/v2\/pages\/1495\/revisions\/3322"}],"up":[{"embeddable":true,"href":"http:\/\/euroimpex.lv\/it\/wp-json\/wp\/v2\/pages\/1397"}],"wp:attachment":[{"href":"http:\/\/euroimpex.lv\/it\/wp-json\/wp\/v2\/media?parent=1495"}],"curies":[{"name":"wp","href":"https:\/\/api.w.org\/{rel}","templated":true}]}}