{"id":2432,"date":"2016-01-04T15:05:12","date_gmt":"2016-01-04T15:05:12","guid":{"rendered":"http:\/\/euroimpex.wethree.eu\/?page_id=2432"},"modified":"2018-06-11T08:04:19","modified_gmt":"2018-06-11T08:04:19","slug":"%d1%80%d1%83%d1%81%d1%81%d0%ba%d0%b8%d0%b9-%d0%b3%d0%bb%d0%b0%d0%b2%d0%bd%d0%b0%d1%8f-2","status":"publish","type":"page","link":"http:\/\/euroimpex.lv\/ru\/","title":{"rendered":"\u0413\u043b\u0430\u0432\u043d\u0430\u044f"},"content":{"rendered":"<p>[vc_row css=&#187;.vc_custom_1449851477307{margin-bottom: 0px !important;}&#187;][vc_column offset=&#187;vc_hidden-sm vc_hidden-xs&#187;][vc_column_text]\n\t\t<!-- MasterSlider -->\n\t\t<div id=\"P_MS62ab9f95e4424\" class=\"master-slider-parent ms-parent-id-1\"  >\n\n\t\t\t\n\t\t\t<!-- MasterSlider Main -->\n\t\t\t<div id=\"MS62ab9f95e4424\" class=\"master-slider ms-skin-light-4\" >\n\t\t\t\t \t\t\t\t \n\t\t\t\t<div  class=\"ms-slide\" data-delay=\"3\" data-fill-mode=\"fill\"  >\n\t\t\t\t\t<img src=\"http:\/\/euroimpex.lv\/wp-content\/plugins\/masterslider\/public\/assets\/css\/blank.gif\" alt=\"\" title=\"\" data-src=\"http:\/\/euroimpex.lv\/wp-content\/uploads\/2016\/01\/map.png\" \/>\n\n\t\t\t\t\t<img  class=\"ms-layer\" src=\"http:\/\/euroimpex.lv\/wp-content\/plugins\/masterslider\/public\/assets\/css\/blank.gif\" data-src=\"http:\/\/euroimpex.lv\/wp-content\/uploads\/2014\/10\/compass.png\" alt=\"\" style=\"\"    data-ease=\"easeOutQuint\"        data-type=\"image\"         data-offset-x=\"167\" data-offset-y=\"382\" data-origin=\"tl\" data-position=\"normal\" \/>\n\n\t\t\t\t\t<div  class=\"ms-layer slider-wellcome-text msp-cn-5-29\" style=\"\"     data-ease=\"easeOutQuint\"                data-offset-x=\"30\" data-offset-y=\"200\" data-origin=\"ml\" data-position=\"normal\" >\n<h2>WELCOME TO<\/h2><\/div>\n\n\t\t\t\t\t<div  class=\"ms-layer slider-wellcome-text msp-cn-1-2\" style=\"\"     data-ease=\"easeOutQuint\"                data-offset-x=\"31\" data-offset-y=\"574\" data-origin=\"tl\" data-position=\"normal\" >\n<h2><span style=\"color: #ffffff;\">EUROIMPEX<\/span><\/h2><\/div>\n\n\t\t\t\t\t<a id=\"europe-text\" href=\"\" target=\"_self\" class=\"ms-layer dont-click msp-cn-1-9 ms-btn ms-btn-box ms-btn-n msp-preset-btn-84\"    data-ease=\"easeOutQuint\"        data-type=\"button\"        data-offset-x=\"903\" data-offset-y=\"205\" data-origin=\"tl\" data-position=\"normal\"  >\nEUROPE<\/a>\n\n\t\t\t\t\t<a id=\"asia-text\" href=\"\" target=\"_self\" class=\"ms-layer dont-click msp-cn-1-10 ms-btn ms-btn-box ms-btn-n msp-preset-btn-84\"    data-ease=\"easeOutQuint\"        data-type=\"button\"        data-offset-x=\"1284\" data-offset-y=\"314\" data-origin=\"tl\" data-position=\"normal\"  >\nASIA<\/a>\n\n\t\t\t\t\t<a id=\"italy-text\" href=\"\" target=\"_self\" class=\"ms-layer dont-click msp-cn-1-31 ms-btn ms-btn-box ms-btn-n msp-preset-btn-84\"    data-ease=\"easeOutQuint\"        data-type=\"button\"        data-offset-x=\"973\" data-offset-y=\"312\" data-origin=\"tl\" data-position=\"normal\"  >\nITALY<\/a>\n\n\t\t\t\t\t<div id=\"asia-button\" class=\"ms-layer\" style=\"\"    data-delay=\"1000\" data-ease=\"easeOutQuint\"        data-type=\"hotspot\"  data-align=\"right\" data-stay-hover=\"true\" data-width=\"300\" data-target=\"_self\"   data-offset-x=\"1275\" data-offset-y=\"337\" data-origin=\"tl\" data-position=\"normal\" >\n<p>Representative office in Uzbekistan<\/p><p id=\"imTextObject_8\"><span class=\"ff1 cf0 fs24\">MCHJ \"EURO IMPEX TRANS\"<br \/><\/span><span class=\"cf0 ff1 fs24\">122, Zulfiyahonim, Tashkent<br \/>Tel: +(99897) 768 8000 +(99895) 195 4777, +(99897) 424 8677<\/span><\/p><div id=\"imCellStyle_9\"><div id=\"imTextObject_9\"><p><span class=\"fs24 ff1 cf0\">e-mail:<span class=\"cf0 ff1 fs24\"> info@euroimpex.uz<\/span><br \/><\/span><\/p><\/div><\/div><\/div>\n\n\t\t\t\t\t<div id=\"europe-button\" class=\"ms-layer\" style=\"\"    data-delay=\"1000\" data-ease=\"easeOutQuint\"        data-type=\"hotspot\"  data-align=\"right\" data-stay-hover=\"true\" data-width=\"400\" data-target=\"_self\"   data-offset-x=\"1036\" data-offset-y=\"219\" data-origin=\"tl\" data-position=\"normal\" >\n<p>Head office<br \/><br \/>SIA \"EUROIMPEX\"<br \/>Vesetas street 15-14, Riga, LV-1013, Latvija<br \/>Phone.: +371 27777707, +371 67245107<br \/>e-mail: info@euroimpex.lv<\/p><\/div>\n\n\t\t\t\t\t<div id=\"italy-button\" class=\"ms-layer\" style=\"\"    data-delay=\"1000\" data-ease=\"easeOutQuint\"        data-type=\"hotspot\"  data-align=\"right\" data-stay-hover=\"true\" data-width=\"400\" data-target=\"_self\"   data-offset-x=\"956\" data-offset-y=\"328\" data-origin=\"tl\" data-position=\"normal\" >\n<div id=\"imCellStyle_9\"><div id=\"imTextObject_9\"><p><span class=\"fs24 ff1 cf0\">Representative office in Italy<br \/><br \/>Via Padre Perilli 46, 00125 Roma, Italy<br \/>Tel.: +(39)3400581537<br \/><br \/>e-mail: shuhrat@euroimpex.lv<br \/>Djalilov Shuhrat<\/span><\/p><\/div><\/div><\/div>\n\n\n\t\t\t\t<\/div>\n\n\t\t\t<\/div>\n\t\t\t<!-- END MasterSlider Main -->\n\n\t\t\t \n\t\t<\/div>\n\t\t<!-- END MasterSlider -->\n\n\t\t<script>\n\t\t(function ( $ ) {\n\t\t\t\"use strict\";\n\n\t\t\t$(function () {\n\t\t\t\tvar masterslider_4424 = new MasterSlider();\n\n\t\t\t\t\/\/ slider controls\n\t\t\t\t\/\/ slider setup\n\t\t\t\tmasterslider_4424.setup(\"MS62ab9f95e4424\", {\n\t\t\t\t\t\twidth           : 1903,\n\t\t\t\t\t\theight          : 700,\n\t\t\t\t\t\tminHeight       : 0,\n\t\t\t\t\t\tspace           : 0,\n\t\t\t\t\t\tstart           : 1,\n\t\t\t\t\t\tgrabCursor      : false,\n\t\t\t\t\t\tswipe           : false,\n\t\t\t\t\t\tmouse           : false,\n\t\t\t\t\t\tkeyboard        : false,\n\t\t\t\t\t\tlayout          : \"fullwidth\",\n\t\t\t\t\t\twheel           : false,\n\t\t\t\t\t\tautoplay        : false,\n\t\t\t\t\t\tinstantStartLayers:false,\n\t\t\t\t\t\tloop            : false,\n\t\t\t\t\t\tshuffle         : false,\n\t\t\t\t\t\tpreload         : 0,\n\t\t\t\t\t\theightLimit     : true,\n\t\t\t\t\t\tautoHeight      : true,\n\t\t\t\t\t\tsmoothHeight    : true,\n\t\t\t\t\t\tendPause        : false,\n\t\t\t\t\t\toverPause       : true,\n\t\t\t\t\t\tfillMode        : \"fill\",\n\t\t\t\t\t\tcenterControls  : true,\n\t\t\t\t\t\tstartOnAppear   : false,\n\t\t\t\t\t\tlayersMode      : \"center\",\n\t\t\t\t\t\tautofillTarget  : \"\",\n\t\t\t\t\t\thideLayers      : false,\n\t\t\t\t\t\tfullscreenMargin: 0,\n\t\t\t\t\t\tspeed           : 20,\n\t\t\t\t\t\tdir             : \"h\",\n\t\t\t\t\t\tparallaxMode    : 'swipe',\n\t\t\t\t\t\tview            : \"basic\"\n\t\t\t\t});\n\n\n\t\t\t\t\n\t\t\t\t$(\"head\").append( \"<link rel='stylesheet' id='ms-fonts'  href='\/\/fonts.googleapis.com\/css?family=Raleway:900,regular' type='text\/css' media='all' \/>\" );\n\n\t\t\t\twindow.masterslider_instances = window.masterslider_instances || [];\n\t\t\t\twindow.masterslider_instances.push( masterslider_4424 );\n\t\t\t });\n\n\t\t})(jQuery);\n\t\t<\/script>\n\n[\/vc_column_text][\/vc_column][\/vc_row][vc_row row_fullwidth=&#187;1&#8243; el_class=&#187;services-full-width&#187;][vc_column][vc_row_inner el_class=&#187;services-div&#187;][vc_column_inner][vc_column_text el_class=&#187;services-text-block&#187;]<\/p>\n<div class=\"services\" style=\"background-image: url('\/wp-content\/uploads\/2016\/01\/rff.png');\">\n<article><a class=\"services-list\" href=\"\/services\/#road-freight-forwarding\"><span class=\"services-title\">\u0410\u0432\u0442\u043e\u043c\u043e\u0431\u0438\u043b\u044c\u043d\u044b\u0435 \u043f\u0435\u0440\u0435\u0432\u043e\u0437\u043a\u0438<\/span><\/a><\/article>\n<\/div>\n<p>[\/vc_column_text][vc_column_text el_class=&#187;services-text-block&#187;]<\/p>\n<div class=\"services\" style=\"background-image: url('\/wp-content\/uploads\/2016\/01\/railway.png');\">\n<article><a class=\"services-list\" href=\"\/services\/#railway-freight-forwarding\"><span class=\"services-title\">\u0416\u0435\u043b\u0435\u0437\u043d\u043e\u0434\u043e\u0440\u043e\u0436\u043d\u044b\u0435 \u043f\u0435\u0440\u0435\u0432\u043e\u0437\u043a\u0438<\/span><\/a><\/article>\n<\/div>\n<p>[\/vc_column_text][vc_column_text el_class=&#187;services-text-block&#187;]<\/p>\n<div class=\"services\" style=\"background-image: url('\/wp-content\/uploads\/2016\/01\/ship.png');\">\n<article><a class=\"services-list\" href=\"\/services\/#sea-freight-forwarding\"><span class=\"services-title\">\u041c\u043e\u0440\u0441\u043a\u0438\u0435 \u043f\u0435\u0440\u0435\u0432\u043e\u0437\u043a\u0438<\/span><\/a><\/article>\n<\/div>\n<p>[\/vc_column_text][vc_column_text el_class=&#187;services-text-block&#187;]<\/p>\n<div class=\"services\" style=\"background-image: url('\/wp-content\/uploads\/2016\/01\/air.png');\">\n<article><a class=\"services-list\" href=\"\/services\/#air-freight-forwarding\"><span class=\"services-title\">\u0410\u0432\u0438\u0430\u043f\u0435\u0440\u0435\u0432\u043e\u0437\u043a\u0438<\/span><\/a><\/article>\n<\/div>\n<p>[\/vc_column_text][vc_column_text el_class=&#187;services-text-block&#187;]<\/p>\n<div class=\"services\" style=\"background-image: url('\/wp-content\/uploads\/2016\/01\/multimodal.png');\">\n<article><a class=\"services-list\" href=\"\/services\/#multimodal-freight-forwarding\"><span class=\"services-title\">\u041c\u0443\u043b\u044c\u0442\u0438\u043c\u043e\u0434\u0430\u043b\u044c\u043d\u044b\u0435 \u043f\u0435\u0440\u0435\u0432\u043e\u0437\u043a\u0438<\/span><\/a><\/article>\n<\/div>\n<p>[\/vc_column_text][vc_column_text el_class=&#187;services-text-block&#187;]<\/p>\n<div class=\"services\" style=\"background-image: url('\/wp-content\/uploads\/2016\/01\/container.png');\">\n<article><a class=\"services-list\" href=\"\/services\/#container-freight-forwarding\"><span class=\"services-title\">\u041a\u043e\u043d\u0442\u0435\u0439\u043d\u0435\u0440\u043d\u044b\u0435 \u043f\u0435\u0440\u0435\u0432\u043e\u0437\u043a\u0438<\/span><\/a><\/article>\n<\/div>\n<p>[\/vc_column_text][vc_column_text el_class=&#187;services-text-block&#187;]<\/p>\n<div class=\"services\" style=\"background-image: url('\/wp-content\/uploads\/2016\/01\/consolidated.png');\">\n<article><a class=\"services-list\" href=\"\/services\/#consolidated-cargoes\"><span class=\"services-title\">\u0421\u0431\u043e\u0440\u043d\u044b\u0435 \u0433\u0440\u0443\u0437\u044b<\/span><\/a><\/article>\n<\/div>\n<p>[\/vc_column_text][vc_column_text el_class=&#187;services-text-block&#187;]<\/p>\n<div class=\"services\" style=\"background-image: url('\/wp-content\/uploads\/2016\/01\/warehouse.png');\">\n<article><a class=\"services-list\" href=\"\/services\/#warehouse-services\"><span class=\"services-title\">\u0421\u043a\u043b\u0430\u0434\u0441\u043a\u0438\u0435 \u0443\u0441\u043b\u0443\u0433\u0438<\/span><\/a><\/article>\n<\/div>\n<p>[\/vc_column_text][\/vc_column_inner][\/vc_row_inner][\/vc_column][\/vc_row][vc_row bg_parallax=&#187;off&#187; bg_video=&#187;off&#187; bottom_button=&#187;off&#187; css=&#187;.vc_custom_1450786720697{margin-top: 0px !important;margin-bottom: 0px !important;padding-top: 60px !important;padding-bottom: 60px !important;}&#187; el_id=&#187;why-us&#187;][vc_column width=&#187;2\/3&#8243;]<h3 class=\"ozy-divider-cap-left wpb_content_element\">\u041f\u041e\u0427\u0415\u041c\u0423 \u041c\u042b ?<\/h3><div class=\"ozy-content-divider \" style=\"border-top-style:solid;border-top-width:2px;border-top-color:#34ccff;width:40px;max-width:40px;float:left;\"><\/div><div style=\"height:30px\" class=\"ozy-spacer\"><\/div>[vc_column_text]<\/p>\n<h5 style=\"text-align: justify; font-weight: 400;\"><span style=\"color: #008bd1;\">\u041c\u044b \u043d\u0438 \u0440\u0430\u0437\u0443 \u043d\u0435 \u0441\u0442\u043e\u043b\u043a\u043d\u0443\u043b\u0438\u0441\u044c \u0441 \u043d\u0435\u0440\u0430\u0437\u0440\u0435\u0448\u0438\u043c\u044b\u043c\u0438 \u043f\u0440\u043e\u0431\u043b\u0435\u043c\u0430\u043c\u0438, \u0434\u0430\u0436\u0435 \u0440\u0430\u0431\u043e\u0442\u0430\u044f \u043d\u0430 \u0441\u0430\u043c\u044b\u0445 \u0441\u043b\u043e\u0436\u043d\u044b\u0445 \u043c\u0430\u0440\u0448\u0440\u0443\u0442\u0430\u0445, \u043f\u0435\u0440\u0435\u0441\u0435\u043a\u0430\u044e\u0449\u0438\u0445 \u0433\u0440\u0430\u043d\u0438\u0446\u0443 \u0412\u043e\u0441\u0442\u043e\u043a\u0430 \u0438 \u0417\u0430\u043f\u0430\u0434\u0430, \u043d\u0435\u0437\u0430\u0432\u0438\u0441\u0438\u043c\u043e \u043e\u0442 \u0432\u0438\u0434\u0430 \u0438 \u0440\u0430\u0437\u043c\u0435\u0440\u043e\u0432 \u0433\u0440\u0443\u0437\u0430. \u041c\u044b \u043e\u0442\u043d\u043e\u0441\u0438\u043c\u0441\u044f \u043a \u043d\u0430\u0448\u0438\u043c \u043a\u043b\u0438\u0435\u043d\u0442\u0430\u043c \u043a\u0430\u043a \u043a \u0441\u0432\u043e\u0438\u043c \u043f\u0430\u0440\u0442\u043d\u0435\u0440\u0430\u043c. \u041f\u043e\u044d\u0442\u043e\u043c\u0443 \u043c\u044b \u0434\u0435\u043b\u0430\u0435\u043c \u0432\u0441\u0435, \u0447\u0442\u043e\u0431\u044b \u0440\u0435\u0448\u0438\u0442\u044c \u0438\u0445 \u043f\u0440\u043e\u0431\u043b\u0435\u043c\u044b. \u041d\u0435\u0442 \u0442\u0440\u0430\u043d\u0441\u043f\u043e\u0440\u0442\u0430? \u041c\u044b \u043d\u0430\u0439\u0434\u0435\u043c \u0435\u0433\u043e. \u041c\u044b \u043a\u043e\u043d\u0442\u0440\u043e\u043b\u0438\u0440\u0443\u0435\u043c \u043a\u043e\u0440\u0440\u0435\u043a\u0442\u043d\u043e\u0441\u0442\u044c \u0437\u0430\u043f\u043e\u043b\u043d\u0435\u043d\u0438\u044f \u0434\u043e\u043a\u0443\u043c\u0435\u043d\u0442\u043e\u0432 \u043a\u043e\u043d\u0442\u0440\u0430\u0433\u0435\u043d\u0442\u0430\u043c\u0438. \u041d\u0435\u0441\u0442\u0430\u043d\u0434\u0430\u0440\u0442\u043d\u044b\u0439 \u0440\u0430\u0437\u043c\u0435\u0440 \u0433\u0440\u0443\u0437\u0430? \u041c\u044b \u043e\u0441\u0443\u0449\u0435\u0441\u0442\u0432\u0438\u043c \u0434\u043e\u0441\u0442\u0430\u0432\u043a\u0443 \u0442\u0443\u0434\u0430, \u043a\u0443\u0434\u0430 \u043d\u0435\u043e\u0431\u0445\u043e\u0434\u0438\u043c\u043e.<br \/>\n\u0411\u043e\u043b\u0435\u0435 \u043f\u043e\u043b\u043e\u0432\u0438\u043d\u044b \u043d\u0430\u0448\u0438\u0445 \u043a\u043b\u0438\u0435\u043d\u0442\u043e\u0432 \u0437\u0430\u044f\u0432\u043b\u044f\u044e\u0442, \u0447\u0442\u043e \u0442\u043e\u043b\u044c\u043a\u043e \u043a\u043e\u043c\u043f\u0430\u043d\u0438\u044f \u201cEuroimpex\u201d \u0441\u0443\u043c\u0435\u043b\u0430 \u043d\u0430\u0439\u0442\u0438 \u043d\u0435\u043e\u0431\u0445\u043e\u0434\u0438\u043c\u043e\u0435 \u0440\u0435\u0448\u0435\u043d\u0438\u0435 \u0434\u043b\u044f \u043f\u0435\u0440\u0435\u0432\u043e\u0437\u043a\u0438.<br \/>\n<\/span><\/h5>\n<p>[\/vc_column_text][\/vc_column][vc_column width=&#187;1\/3&#8243;]<h3 class=\"ozy-divider-cap-left wpb_content_element\">\u041d\u041e\u0412\u041e\u0421\u0422\u0418<\/h3><div class=\"ozy-content-divider \" style=\"border-top-style:solid;border-top-width:2px;border-top-color:#34ccff;width:40px;max-width:40px;float:left;\"><\/div><div style=\"height:30px\" class=\"ozy-spacer\"><\/div><div class=\"wpb_wrapper\"><ul class=\"blog-listing-latest\">\n<li><div class=\"box-date\"><span class=\"d\">08<\/span><span class=\"m\">\u0444\u0435\u0432<\/span><\/div>\n<div class=\"box-wrapper\">\n<h4>\u0420\u0430\u0441\u0448\u0438\u0440\u0435\u043d \u043f\u0435\u0440\u0435\u0447\u0435\u043d\u044c \u0441\u0442\u0440\u0430\u043d, \u0443\u0432\u0435\u043b\u0438\u0447\u0438\u0432\u0448\u0438\u0445 \u0443\u0440\u043e\u0432\u0435\u043d\u044c \u0433\u0430\u0440\u0430\u043d\u0442\u0438\u0438 \u043f\u043e \u043a\u043d\u0438\u0436\u043a\u0435 \u041c\u0414\u041f \u0434\u043e 100 000 \u0435\u0432\u0440\u043e<\/h4>\n<a href=\"http:\/\/euroimpex.lv\/ru\/%d1%80%d0%b0%d1%81%d1%88%d0%b8%d1%80%d0%b5%d0%bd-%d0%bf%d0%b5%d1%80%d0%b5%d1%87%d0%b5%d0%bd%d1%8c-%d1%81%d1%82%d1%80%d0%b0%d0%bd-%d1%83%d0%b2%d0%b5%d0%bb%d0%b8%d1%87%d0%b8%d0%b2%d1%88%d0%b8%d1%85\/\">Read More &rarr;<\/a>\n<\/div>\n<\/li>\n<li><div class=\"box-date\"><span class=\"d\">15<\/span><span class=\"m\">\u044f\u043d\u0432<\/span><\/div>\n<div class=\"box-wrapper\">\n<h4>\u0412 \u0423\u043a\u0440\u0430\u0438\u043d\u0435 \u043e\u0442\u043c\u0435\u043d\u044f\u044e\u0442 \u0441\u0442\u0430\u0440\u044b\u0435 \u043d\u0430\u043a\u043b\u0430\u0434\u043d\u044b\u0435 \u0438 \u0432\u0432\u043e\u0434\u044f\u0442 \u043d\u043e\u0432\u044b\u0435 \u043f\u0440\u0430\u0432\u0438\u043b\u0430 \u043f\u0435\u0440\u0435\u0432\u043e\u0437\u043e\u043a<\/h4>\n<a href=\"http:\/\/euroimpex.lv\/ru\/%d0%b2-%d1%83%d0%ba%d1%80%d0%b0%d0%b8%d0%bd%d0%b5-%d0%be%d1%82%d0%bc%d0%b5%d0%bd%d1%8f%d1%8e%d1%82-%d1%81%d1%82%d0%b0%d1%80%d1%8b%d0%b5-%d0%bd%d0%b0%d0%ba%d0%bb%d0%b0%d0%b4%d0%bd%d1%8b%d0%b5-%d0%b8\/\">Read More &rarr;<\/a>\n<\/div>\n<\/li>\n<li><div class=\"box-date\"><span class=\"d\">18<\/span><span class=\"m\">\u043e\u043a\u0442<\/span><\/div>\n<div class=\"box-wrapper\">\n<h4>\u0411\u043e\u043b\u0435\u0435 500 \u0444\u0443\u0440 \u043e\u0436\u0438\u0434\u0430\u044e\u0442 \u0432\u044b\u0435\u0437\u0434\u0430 \u043d\u0430 \u0433\u0440\u0430\u043d\u0438\u0446\u0435 \u0441 \u041b\u0438\u0442\u0432\u043e\u0439<\/h4>\n<a href=\"http:\/\/euroimpex.lv\/ru\/%d0%b1%d0%be%d0%bb%d0%b5%d0%b5-500-%d1%84%d1%83%d1%80-%d0%be%d0%b6%d0%b8%d0%b4%d0%b0%d1%8e%d1%82-%d0%b2%d1%8b%d0%b5%d0%b7%d0%b4%d0%b0-%d0%bd%d0%b0-%d0%b3%d1%80%d0%b0%d0%bd%d0%b8%d1%86%d0%b5-%d1%81\/\">Read More &rarr;<\/a>\n<\/div>\n<\/li>\n<li><div class=\"box-date\"><span class=\"d\">17<\/span><span class=\"m\">\u0441\u0435\u043d<\/span><\/div>\n<div class=\"box-wrapper\">\n<h4>\u0418\u0437\u043c\u0435\u043d\u0435\u043d\u0438\u044f \u0432 \u043f\u043e\u043b\u044c\u0441\u043a\u043e\u0439 \u0441\u0438\u0441\u0442\u0435\u043c\u0435 \u043c\u043e\u043d\u0438\u0442\u043e\u0440\u0438\u043d\u0433\u0430 \u0433\u0440\u0443\u0437\u043e\u043f\u0435\u0440\u0435\u0432\u043e\u0437\u043e\u043a<\/h4>\n<a href=\"http:\/\/euroimpex.lv\/ru\/%d0%b8%d0%b7%d0%bc%d0%b5%d0%bd%d0%b5%d0%bd%d0%b8%d1%8f-%d0%b2-%d0%bf%d0%be%d0%bb%d1%8c%d1%81%d0%ba%d0%be%d0%b9-%d1%81%d0%b8%d1%81%d1%82%d0%b5%d0%bc%d0%b5-%d0%bc%d0%be%d0%bd%d0%b8%d1%82%d0%be%d1%80\/\">Read More &rarr;<\/a>\n<\/div>\n<\/li>\n<\/ul>\n<\/div>[\/vc_column][\/vc_row][vc_row][vc_column width=&#187;1\/3&#8243;][vc_single_image image=&#187;3203&#8243; img_size=&#187;full&#187; alignment=&#187;right&#187;][\/vc_column][vc_column width=&#187;2\/3&#8243;][vc_column_text]<\/p>\n<p style=\"text-align: left;\">SIA \u201cEUROIMPEX\u201d ir nosl\u0113dzis 14. j\u016bnij\u0101 2017. gad\u0101\u00a0 l\u012bgumu Nr. SKV-L-2017\/315\u00a0 ar Latvijas Invest\u012bciju un att\u012bst\u012bbas a\u0123ent\u016bru par atbalsta sa\u0146em\u0161anu pas\u0101kuma \u201cStarptautisk\u0101s konkur\u0113tsp\u0113jas veicin\u0101\u0161ana\u201d ietvaros, ko l\u012bdzfinans\u0113 Eiropas Re\u0123ion\u0101l\u0101s att\u012bst\u012bbas fonds<\/p>\n<p>[\/vc_column_text][\/vc_column][\/vc_row]<\/p>","protected":false},"excerpt":{"rendered":"<p>[vc_row css=&#187;.vc_custom_1449851477307{margin-bottom: 0px !important;}&#187;][vc_column offset=&#187;vc_hidden-sm vc_hidden-xs&#187;][vc_column_text][\/vc_column_text][\/vc_column][\/vc_row][vc_row row_fullwidth=&#187;1&#8243; el_class=&#187;services-full-width&#187;][vc_column][vc_row_inner el_class=&#187;services-div&#187;][vc_column_inner][vc_column_text el_class=&#187;services-text-block&#187;] \u0410\u0432\u0442\u043e\u043c\u043e\u0431\u0438\u043b\u044c\u043d\u044b\u0435 \u043f\u0435\u0440\u0435\u0432\u043e\u0437\u043a\u0438 [\/vc_column_text][vc_column_text el_class=&#187;services-text-block&#187;] \u0416\u0435\u043b\u0435\u0437\u043d\u043e\u0434\u043e\u0440\u043e\u0436\u043d\u044b\u0435 \u043f\u0435\u0440\u0435\u0432\u043e\u0437\u043a\u0438 [\/vc_column_text][vc_column_text el_class=&#187;services-text-block&#187;] \u041c\u043e\u0440\u0441\u043a\u0438\u0435 \u043f\u0435\u0440\u0435\u0432\u043e\u0437\u043a\u0438 [\/vc_column_text][vc_column_text el_class=&#187;services-text-block&#187;] \u0410\u0432\u0438\u0430\u043f\u0435\u0440\u0435\u0432\u043e\u0437\u043a\u0438 [\/vc_column_text][vc_column_text el_class=&#187;services-text-block&#187;] \u041c\u0443\u043b\u044c\u0442\u0438\u043c\u043e\u0434\u0430\u043b\u044c\u043d\u044b\u0435 \u043f\u0435\u0440\u0435\u0432\u043e\u0437\u043a\u0438 [\/vc_column_text][vc_column_text el_class=&#187;services-text-block&#187;] \u041a\u043e\u043d\u0442\u0435\u0439\u043d\u0435\u0440\u043d\u044b\u0435 [&hellip;]<\/p>\n","protected":false},"author":1,"featured_media":0,"parent":0,"menu_order":0,"comment_status":"closed","ping_status":"closed","template":"","meta":[],"_links":{"self":[{"href":"http:\/\/euroimpex.lv\/ru\/wp-json\/wp\/v2\/pages\/2432"}],"collection":[{"href":"http:\/\/euroimpex.lv\/ru\/wp-json\/wp\/v2\/pages"}],"about":[{"href":"http:\/\/euroimpex.lv\/ru\/wp-json\/wp\/v2\/types\/page"}],"author":[{"embeddable":true,"href":"http:\/\/euroimpex.lv\/ru\/wp-json\/wp\/v2\/users\/1"}],"replies":[{"embeddable":true,"href":"http:\/\/euroimpex.lv\/ru\/wp-json\/wp\/v2\/comments?post=2432"}],"version-history":[{"count":64,"href":"http:\/\/euroimpex.lv\/ru\/wp-json\/wp\/v2\/pages\/2432\/revisions"}],"predecessor-version":[{"id":3343,"href":"http:\/\/euroimpex.lv\/ru\/wp-json\/wp\/v2\/pages\/2432\/revisions\/3343"}],"wp:attachment":[{"href":"http:\/\/euroimpex.lv\/ru\/wp-json\/wp\/v2\/media?parent=2432"}],"curies":[{"name":"wp","href":"https:\/\/api.w.org\/{rel}","templated":true}]}}